{"id":73,"date":"2012-05-14T07:54:24","date_gmt":"2012-05-14T07:54:24","guid":{"rendered":"http:\/\/intergeo.webs.upv.es\/wordpress\/?page_id=73"},"modified":"2021-11-02T10:28:02","modified_gmt":"2021-11-02T09:28:02","slug":"links-of-interest","status":"publish","type":"page","link":"https:\/\/intergeo.webs.upv.es\/wordpress\/index.php\/links-of-interest\/","title":{"rendered":"Links of interest"},"content":{"rendered":"<p style=\"text-align: center;\"><span style=\"text-decoration: underline;\">Classified job possitions<\/span><\/p>\n<ul>\n<li><a href=\"http:\/\/www.earthworks-jobs.com\/remotese.htm\" target=\"_blank\" rel=\"noopener\">http:\/\/www.earthworks-jobs.com\/remotese.htm<\/a><\/li>\n<li><a href=\"http:\/\/www.earthworks-jobs.com\/survey.htm\" target=\"_blank\" rel=\"noopener\">http:\/\/www.earthworks-jobs.com\/survey.htm<\/a><\/li>\n<li><a href=\"http:\/\/www.earthworks-jobs.com\/geog.htm\" target=\"_blank\" rel=\"noopener\">http:\/\/www.earthworks-jobs.com\/geog.htm<\/a><\/li>\n<\/ul>\n<p style=\"text-align: center;\"><span style=\"text-decoration: underline;\">More information about exchange\/cooperation programs<\/span><\/p>\n<ul>\n<li><a href=\"https:\/\/ec.europa.eu\/education\/study-in-europe_en\" target=\"_blank\" rel=\"noopener\">Organismo Aut\u00f3nomo Programas Educativos Europeos<\/a><\/li>\n<li><a href=\"https:\/\/erasmus-plus.ec.europa.eu\/\" target=\"_blank\" rel=\"noopener\">Erasmus, Informaci\u00f3n para el alumno<\/a><\/li>\n<\/ul>\n<p style=\"text-align: center;\"><em><span style=\"text-decoration: underline;\">Associations<\/span><\/em><\/p>\n<ul>\n<li><a href=\"https:\/\/www.bancosantander.es\/universidades\/educacion\" target=\"_blank\" rel=\"noopener\">Grupo Santander<\/a><\/li>\n<li><a href=\"http:\/\/www.esn.org\/\" target=\"_blank\" rel=\"noopener\">Erasmus Student Network (ESN)<\/a><\/li>\n<li><a href=\"https:\/\/www.eaie.org\/\" target=\"_blank\" rel=\"noopener\">EAIE<\/a><\/li>\n<\/ul>\n<div style=\"text-align: center;\">\u00a0<\/div>\n<div style=\"text-align: center;\"><span style=\"text-decoration: underline;\">Others<\/span><\/div>\n<div style=\"text-align: center;\">\n<ul>\n<li style=\"text-align: left;\"><a href=\"http:\/\/www.galileogalilei.com\/\" target=\"_blank\" rel=\"noopener\">Acommodation, colegio mayor Galilei<\/a><\/li>\n<li style=\"text-align: left;\"><a href=\"https:\/\/www.upv.es\/entidades\/OPII\/index-en.html\" target=\"_blank\" rel=\"noopener\">UPV international relations office\u00a0(english site)<\/a><\/li>\n<li style=\"text-align: left;\"><a href=\"https:\/\/www.shanghairanking.com\/institution\" target=\"_blank\" rel=\"noopener\">Universities of the World, find the one you are looking for<\/a><\/li>\n<li style=\"text-align: left;\"><a href=\"https:\/\/www.shanghairanking.com\/rankings\/arwu\/2021\" target=\"_blank\" rel=\"noopener\">The Academic Raking of World Universities<\/a><\/li>\n<li style=\"text-align: left;\"><a href=\"https:\/\/www.cdeuv.es\/\" target=\"_blank\" rel=\"noopener\">CDE (Centro de Documentaci\u00f3n Europea) &#8211; Valencia<\/a><\/li>\n<li style=\"text-align: left;\"><a href=\"http:\/\/cordis.lu\/\" target=\"_blank\" rel=\"noopener\">Cordis Homepage<\/a><\/li>\n<li style=\"text-align: left;\"><a href=\"https:\/\/ec.europa.eu\/info\/index_en\" target=\"_blank\" rel=\"noopener\">Comisi\u00f3n Europea &#8211; Direcci\u00f3n General de Desarrollo<\/a><\/li>\n<li style=\"text-align: left;\"><a href=\"https:\/\/ec.europa.eu\/info\/departments\/health-and-food-safety_en\" target=\"_blank\" rel=\"noopener\">DG XVII<\/a><\/li>\n<li style=\"text-align: left;\"><a href=\"https:\/\/eacea.ec.europa.eu\/national-policies\/eurydice\/index_en.php_en\" target=\"_blank\" rel=\"noopener\">EURYDICE : La Red de Informaci\u00f3n de Educaci\u00f3n Europea<\/a><\/li>\n<li style=\"text-align: left;\"><a href=\"https:\/\/www.abo.fi\/en\/study\/\" target=\"_blank\" rel=\"noopener\">Educaci\u00f3n Superior en Pa\u00edses N\u00f3rdicos<\/a><\/li>\n<\/ul>\n<\/div>\n<div style=\"text-align: center;\">\u00a0<\/div>\n<div style=\"text-align: center;\"><span style=\"text-decoration: underline;\">Tourist Info Valencia<\/span><\/div>\n<div>\n<ul>\n<li><a href=\"http:\/\/www.comunitat-valenciana.com\/\" target=\"_blank\" rel=\"noopener\">www.comunitat-valenciana.com<\/a><\/li>\n<li><a href=\"http:\/\/www.ayto-valencia.es\/\">www.ayto-valencia.es<\/a><\/li>\n<li><a href=\"https:\/\/www.visitvalencia.com\/en\">www.turisvalencia.es<\/a><\/li>\n<\/ul>\n<\/div>\n<div>\u00a0<\/div>\n<p><span style=\"font-family: Verdana; font-size: xx-small;\"><br \/><\/span><!--:--><\/p>\n\n\n<p><\/p>\n","protected":false},"excerpt":{"rendered":"<p>Classified job possitions http:\/\/www.earthworks-jobs.com\/remotese.htm http:\/\/www.earthworks-jobs.com\/survey.htm http:\/\/www.earthworks-jobs.com\/geog.htm More information about exchange\/cooperation programs Organismo Aut\u00f3nomo Programas Educativos Europeos Erasmus, Informaci\u00f3n para el alumno Associations Grupo Santander Erasmus Student Network (ESN) EAIE \u00a0 Others Acommodation, colegio mayor Galilei UPV international relations office\u00a0(english site) Universities of the World, find the one you are looking for The Academic Raking of [&hellip;]<\/p>\n","protected":false},"author":3,"featured_media":0,"parent":0,"menu_order":5,"comment_status":"closed","ping_status":"closed","template":"","meta":{"footnotes":""},"class_list":["post-73","page","type-page","status-publish","hentry"],"_links":{"self":[{"href":"https:\/\/intergeo.webs.upv.es\/wordpress\/index.php\/wp-json\/wp\/v2\/pages\/73","targetHints":{"allow":["GET"]}}],"collection":[{"href":"https:\/\/intergeo.webs.upv.es\/wordpress\/index.php\/wp-json\/wp\/v2\/pages"}],"about":[{"href":"https:\/\/intergeo.webs.upv.es\/wordpress\/index.php\/wp-json\/wp\/v2\/types\/page"}],"author":[{"embeddable":true,"href":"https:\/\/intergeo.webs.upv.es\/wordpress\/index.php\/wp-json\/wp\/v2\/users\/3"}],"replies":[{"embeddable":true,"href":"https:\/\/intergeo.webs.upv.es\/wordpress\/index.php\/wp-json\/wp\/v2\/comments?post=73"}],"version-history":[{"count":16,"href":"https:\/\/intergeo.webs.upv.es\/wordpress\/index.php\/wp-json\/wp\/v2\/pages\/73\/revisions"}],"predecessor-version":[{"id":2367,"href":"https:\/\/intergeo.webs.upv.es\/wordpress\/index.php\/wp-json\/wp\/v2\/pages\/73\/revisions\/2367"}],"wp:attachment":[{"href":"https:\/\/intergeo.webs.upv.es\/wordpress\/index.php\/wp-json\/wp\/v2\/media?parent=73"}],"curies":[{"name":"wp","href":"https:\/\/api.w.org\/{rel}","templated":true}]}}