{"id":199,"date":"2012-05-17T15:39:52","date_gmt":"2012-05-17T15:39:52","guid":{"rendered":"http:\/\/intergeo.webs.upv.es\/wordpress\/?page_id=199"},"modified":"2021-11-02T11:51:45","modified_gmt":"2021-11-02T10:51:45","slug":"promoe","status":"publish","type":"page","link":"https:\/\/intergeo.webs.upv.es\/wordpress\/index.php\/outgoing-students\/programas-intercambio\/promoe\/","title":{"rendered":"PROMOE"},"content":{"rendered":"<p><strong>\u00bfQu\u00e9 es PROMOE?<\/strong><\/p>\n<p>Promoe es un programa propio de la UPV, es decir financiado integramente con fondos de la UPV, cuyo objetivo es establecer un programa de ayudas para el intercambio de estudiantes con universidades de EEUU, China, Canad\u00e1, Am\u00e9rica Latina, Corea, Australia\u00a0o Jap\u00f3n entre otros\u00a0 con la que exista convenio de cooperaci\u00f3n institucional e intercambio de estudiantes.<br \/>\nLos estudiantes Promoe, podr\u00e1n realizar parte de\u00a0sus estudios\u00a0en una Universidad\u00a0de prestigio, durante un per\u00edodo de entre 4 y 10 meses,\u00a0que les permitir\u00e1 contactar con una cultura diferente, aprender o perfeccionar una lengua extranjera, experimentar diferentes metodolog\u00edas de ense\u00f1anza, desarrollo personal y de formaci\u00f3n, hacer amigos de diferentes pa\u00edses y culturas, a la vez de abrirles nuevas puertas dentro del mercado laboral. Todo ello hace que desde la UPV se anime a los estudiantes a completar su formaci\u00f3n en cualquiera de las Universidades socias.<\/p>\n<p><strong>Requisitos<\/strong><\/p>\n<p>Para poder optar a una ayuda Promoe se\u00a0deberan cumplir las siguientes condiciones:<\/p>\n<ol>\n<li>No haber sido anteriormente estudiante Promoe.<\/li>\n<li>Ser estudiantes de \u00faltimos cursos<\/li>\n<li>\n<div align=\"justify\">Buen expediente acad\u00e9mico. No inferior en 0,5 puntos a la media de los estudiantes de la misma titulaci\u00f3n que finalizaron sus estudios en el curso anterior.<\/div>\n<\/li>\n<li>\n<div align=\"justify\">Tener pendiente de completar una cantidad m\u00ednima de cr\u00e9ditos equivalente a la duraci\u00f3n de la estancia que solicita. La cantidad equivalente a 1 semestre se establece en 30 cr\u00e9ditos. El proyecto final de carrera y la Tesis de M\u00e1ster\u00a0se computar\u00e1n por defecto como 30 cr\u00e9ditos.<\/div>\n<\/li>\n<li>Cumplir los requisitos adicionales que establezca tu Escuela o Facultad<\/li>\n<li>Ser alumno matriculado en la UPV durante el curso acad\u00e9mico de la estancia Promoe.<\/li>\n<li>Cumplir con los requisitos de conocimiento de idiomas para cada destino<\/li>\n<\/ol>\n<p>La Universidad Polit\u00e9cnica de Valencia dispone en cada Centro de una Oficina de Programas Internacionales, que te informar\u00e1 de:<\/p>\n<ol>\n<li>Las Instituciones con las que existe acuerdo de cooperaci\u00f3n al objeto de intercambiar estudiantes.<\/li>\n<li>Requisitos para ser propuesto como estudiante Promoe.<\/li>\n<li>Fecha de la convocatoria de las becas Promoe.<\/li>\n<\/ol>\n<p><strong>Convocatorias<\/strong><\/p>\n<p>La OPII realiza normalmente dos convocatorias Promoe al a\u00f1o:<\/p>\n<p>&#8211; La Convocatoria Ordinaria en\u00a0Noviembre-Diciembre<\/p>\n<p>&#8211; La convocatoria\u00a0 de vacantes en Mayo-Junio<\/p>\n<p>Estas convocatorias\u00a0van dirigidas a todos los alumnos de la UPV, y la inscripci\u00f3n es a trav\u00e9s del sistema web de convocatorias de la OPII.<\/p>\n<div><\/div>\n<div><\/div>\n<div><\/div>\n<div><\/div>\n<div><a href=\"http:\/\/www.upv.es\/entidades\/OPII\/menu_urlc.html?\/entidades\/OPII\/infoweb\/pi\/info\/Bases2.pdf\"><strong>Dotaci\u00f3n Econ\u00f3mica<\/strong><\/a><\/div>\n<div>\n<p><strong>Gesti\u00f3n de la Beca<\/strong><\/p>\n<p>El primer paso para ser becario Promoe es ser seleccionado en la convocatoria para un destino concreto. Una vez tengas asignado un destino, la OPII o la Oficina de Relaciones Internacionales gestionara contigo tu aceptaci\u00f3n en la universidad de destino. En esta fase tendr\u00e1s que cumplir todos los requisitos que establezca la universidad de destino.<\/p>\n<p>Hasta que un alumno no es aceptado por la universidad de destino la beca Promoe NO ES FIRME. Ten en cuenta que quien tiene la \u00faltima palabra es la universidad de destino y, aunque no es lo habitual, en ocasiones un alumno de la UPV puede no ser aceptado en el destino por diversos motivos: cambios de su pol\u00edtica de intercambios, desbalance en los flujos, incumplimiento de requisitos, incumplimiento de plazos, huelgas,&#8230; Ante estas situaciones la OPII puede hacer bien poco.<\/p>\n<p>Tras la aceptaci\u00f3n del alumno por la universidad de destino, es responsabilidad del alumno obtener el visado correspondiente que le permita su estancia legal en el pa\u00eds de destino.<\/p>\n<p>Una vez el alumno se incorpora en el destino y hace llegar\u00a0el justificante de incorporaci\u00f3n a la OPII, \u00e9sta iniciar\u00e1 los pagos asociados a la beca.<\/p>\n<p><strong>Informaci\u00f3n destinos<br \/>\n<\/strong><\/p>\n<p style=\"text-align: center;\"><strong><a href=\"http:\/\/www.upv.es\/entidades\/OPII\/menu_urlc.html?\/entidades\/OPII\/infoweb\/pi\/info\/DESTINOSpromoe.pdf\" target=\"_blank\" rel=\"noopener\">Puedes verla aqu\u00ed<\/a><\/strong><\/p>\n<\/div>\n<p><strong>Requisitos de Idiomas<\/strong><\/p>\n<p>Para destinos en Asia la convocatoria exige un certificado de idiomas oficial de nivel B2. El Centro de lenguas de la UPV organiza pruebas certificaci\u00f3n\u00a0\u00a0para acrediar los diferentes niveles de conocimientos de idiomas. Adem\u00e1s a trav\u00e9s de ellos puedes hacer los examenes TOEFL y Cambridge.<\/p>\n<p>Las fechas de examen del Cambridge son en Diciembre y Junio. Las del CDL son actualmente en Enero y en Julio. M\u00e1s informaci\u00f3n :<\/p>\n<p><a href=\"http:\/\/www.upv.es\/cdl\">www.upv.es\/cdl<\/a><\/p>\n<p>Un requisito para ser aceptado en Universidades de EEUU, Canad\u00e1 y Australia es el contar con la nota TOEFL que en cada caso exigen( de 61 a 100 iBT) . Es por lo tanto muy importante que los estudiantes que est\u00e9n interesados en estos destinos conozcan el requisito y preparen con antelaci\u00f3n el examen. El Centro de Lenguas de la UPV es Centro examinador de TOEFL por lo que organiza cursos de preparaci\u00f3n y convocatorias de examees.<\/p>\n<p>La UPV, como parte de la dotaci\u00f3n econ\u00f3mica PROMOE reembolsar\u00e1 el precio de la matr\u00edcula del TOEFL a los candidatos que cumplan los siguientes requisitos:<\/p>\n<ul>\n<li>Haber obtenido un destino que requiere TOEFL.<\/li>\n<li>Haber obtenido la nota de TOEFL m\u00ednima requerida por el destino para participar en el intercambio.<\/li>\n<li>Incorporarse de forma efectiva al destino asignado<\/li>\n<\/ul>\n","protected":false},"excerpt":{"rendered":"<p>\u00bfQu\u00e9 es PROMOE? Promoe es un programa propio de la UPV, es decir financiado integramente con fondos de la UPV, cuyo objetivo es establecer un programa de ayudas para el intercambio de estudiantes con universidades de EEUU, China, Canad\u00e1, Am\u00e9rica Latina, Corea, Australia\u00a0o Jap\u00f3n entre otros\u00a0 con la que exista convenio de cooperaci\u00f3n institucional e [&hellip;]<\/p>\n","protected":false},"author":3,"featured_media":0,"parent":195,"menu_order":0,"comment_status":"closed","ping_status":"closed","template":"","meta":{"footnotes":""},"class_list":["post-199","page","type-page","status-publish","hentry"],"_links":{"self":[{"href":"https:\/\/intergeo.webs.upv.es\/wordpress\/index.php\/wp-json\/wp\/v2\/pages\/199","targetHints":{"allow":["GET"]}}],"collection":[{"href":"https:\/\/intergeo.webs.upv.es\/wordpress\/index.php\/wp-json\/wp\/v2\/pages"}],"about":[{"href":"https:\/\/intergeo.webs.upv.es\/wordpress\/index.php\/wp-json\/wp\/v2\/types\/page"}],"author":[{"embeddable":true,"href":"https:\/\/intergeo.webs.upv.es\/wordpress\/index.php\/wp-json\/wp\/v2\/users\/3"}],"replies":[{"embeddable":true,"href":"https:\/\/intergeo.webs.upv.es\/wordpress\/index.php\/wp-json\/wp\/v2\/comments?post=199"}],"version-history":[{"count":10,"href":"https:\/\/intergeo.webs.upv.es\/wordpress\/index.php\/wp-json\/wp\/v2\/pages\/199\/revisions"}],"predecessor-version":[{"id":2391,"href":"https:\/\/intergeo.webs.upv.es\/wordpress\/index.php\/wp-json\/wp\/v2\/pages\/199\/revisions\/2391"}],"up":[{"embeddable":true,"href":"https:\/\/intergeo.webs.upv.es\/wordpress\/index.php\/wp-json\/wp\/v2\/pages\/195"}],"wp:attachment":[{"href":"https:\/\/intergeo.webs.upv.es\/wordpress\/index.php\/wp-json\/wp\/v2\/media?parent=199"}],"curies":[{"name":"wp","href":"https:\/\/api.w.org\/{rel}","templated":true}]}}