{"id":195,"date":"2012-05-17T15:38:38","date_gmt":"2012-05-17T15:38:38","guid":{"rendered":"http:\/\/intergeo.webs.upv.es\/wordpress\/?page_id=195"},"modified":"2021-11-02T11:17:54","modified_gmt":"2021-11-02T10:17:54","slug":"programas-intercambio","status":"publish","type":"page","link":"https:\/\/intergeo.webs.upv.es\/wordpress\/index.php\/outgoing-students\/programas-intercambio\/","title":{"rendered":"Programas de intercambio"},"content":{"rendered":"<p>Los programas disponibles para los estudiantes son los siguientes:<\/p>\n<div>\n<ul>\n<li><a href=\"http:\/\/www.upv.es\/entidades\/OPII\/infoweb\/pi\/info\/803354normalc.html\">Erasmus+<\/a><\/li>\n<\/ul>\n<p>Erasmus+ es el programa europeo en los \u00e1mbitos de la educaci\u00f3n, la formaci\u00f3n, la juventud y el deporte. Actualmente estamos en el programa Erasmus 2021-2028.<\/p>\n<p>Erasmus+ trata de impulsar las perspectivas laborales y el desarrollo personal, adem\u00e1s de ayudar a nuestros sistemas de educaci\u00f3n, formaci\u00f3n y juventud a proporcionar una ense\u00f1anza y un aprendizaje que doten a las personas de las capacidades necesarias para el mercado laboral y la sociedad actual y futura.<br \/>\u00a0<br \/>Erasmus+ da la oportunidad de pasar un importante per\u00edodo de estudios (de 2 a 12 meses) en una universidad extranjera y recibir un reconocimiento acad\u00e9mico de dicho per\u00edodo como parte integrante de los estudios que se realizan en la UPV.<\/p>\n<ul>\n<li><a href=\"http:\/\/www.upv.es\/entidades\/OPII\/infoweb\/pi\/info\/762989normalc.html\">PROMOE<\/a><\/li>\n<\/ul>\n<p>PROMOE es un programa propio de la UPV cuyo objetivo es establecer un programa de ayudas para el intercambio de estudiantes UPV con universidades de EEUU, China, Canad\u00e1, Am\u00e9rica Latina, Corea, Australia o Jap\u00f3n, entre otros, con las que exista convenio de cooperaci\u00f3n institucional para el intercambio de estudiantes por un semestre o curso acad\u00e9mico.<\/p>\n<ul>\n<li><a href=\"http:\/\/www.upv.es\/entidades\/OPII\/infoweb\/pi\/info\/803464normalc.html\">Erasmus Pr\u00e1cticas<\/a><\/li>\n<\/ul>\n<p>El Parlamento Europeo aprob\u00f3 el programa Erasmus + para el per\u00edodo 2014-2020, que entr\u00f3 en vigor el 01\/01\/2014. El nuevo programa Erasmus + se enmarca en la estrategia Europa 2020, en el \u00e1mbito de la Educaci\u00f3n y Formaci\u00f3n englobando todas las iniciativas de educaci\u00f3n, formaci\u00f3n, juventud y deporte. En materia educativa abarca todos los niveles incluyendo la ense\u00f1anza superior universitaria. Este nuevo programa se centra en el aprendizaje formal e informal m\u00e1s all\u00e1 de las fronteras de la UE, con el objetivo de mejorar las capacidades educativas y formativas de las personas para la empleabilidad de estudiantes, profesorado y trabajadores y trabajadoras. Erasmus + integra todos los programas anteriores incluyendo tambi\u00e9n el Programa Erasmus Pr\u00e1cticas (SMT-Student mobility for training).<\/p>\n<ul>\n<li><a href=\"http:\/\/www.upv.es\/entidades\/OPII\/infoweb\/pi\/info\/761226normalc.html\">SICUE<\/a><\/li>\n<\/ul>\n<p>SICUE: Sistema de Intercambio entre Centros Universitarios Espa\u00f1oles<\/p>\n<p>1 o 2 semestres de intercambio otra universidad espa\u00f1ola, para cursar asignaturas y\/o TFG. Siempre se regresa a la UPV para completar estudios o titularse en la UPV. No es un traslado de expediente.<\/p>\n<p>Actualmente solo es posiblle en estudios de GRADO.<\/p>\n<p>El programa no tiene ayudas econ\u00f3micas ni beca. Ofrece la plaza de intercambio y la garant\u00eda de reconocimiento acad\u00e9mico de los estudios cursados en la universidad de destino.<\/p>\n<\/div>\n\n\n<p><\/p>\n","protected":false},"excerpt":{"rendered":"<p>Los programas disponibles para los estudiantes son los siguientes: Erasmus+ Erasmus+ es el programa europeo en los \u00e1mbitos de la educaci\u00f3n, la formaci\u00f3n, la juventud y el deporte. Actualmente estamos en el programa Erasmus 2021-2028. Erasmus+ trata de impulsar las perspectivas laborales y el desarrollo personal, adem\u00e1s de ayudar a nuestros sistemas de educaci\u00f3n, formaci\u00f3n [&hellip;]<\/p>\n","protected":false},"author":3,"featured_media":0,"parent":100,"menu_order":0,"comment_status":"closed","ping_status":"closed","template":"","meta":{"footnotes":""},"class_list":["post-195","page","type-page","status-publish","hentry"],"_links":{"self":[{"href":"https:\/\/intergeo.webs.upv.es\/wordpress\/index.php\/wp-json\/wp\/v2\/pages\/195","targetHints":{"allow":["GET"]}}],"collection":[{"href":"https:\/\/intergeo.webs.upv.es\/wordpress\/index.php\/wp-json\/wp\/v2\/pages"}],"about":[{"href":"https:\/\/intergeo.webs.upv.es\/wordpress\/index.php\/wp-json\/wp\/v2\/types\/page"}],"author":[{"embeddable":true,"href":"https:\/\/intergeo.webs.upv.es\/wordpress\/index.php\/wp-json\/wp\/v2\/users\/3"}],"replies":[{"embeddable":true,"href":"https:\/\/intergeo.webs.upv.es\/wordpress\/index.php\/wp-json\/wp\/v2\/comments?post=195"}],"version-history":[{"count":6,"href":"https:\/\/intergeo.webs.upv.es\/wordpress\/index.php\/wp-json\/wp\/v2\/pages\/195\/revisions"}],"predecessor-version":[{"id":2386,"href":"https:\/\/intergeo.webs.upv.es\/wordpress\/index.php\/wp-json\/wp\/v2\/pages\/195\/revisions\/2386"}],"up":[{"embeddable":true,"href":"https:\/\/intergeo.webs.upv.es\/wordpress\/index.php\/wp-json\/wp\/v2\/pages\/100"}],"wp:attachment":[{"href":"https:\/\/intergeo.webs.upv.es\/wordpress\/index.php\/wp-json\/wp\/v2\/media?parent=195"}],"curies":[{"name":"wp","href":"https:\/\/api.w.org\/{rel}","templated":true}]}}