{"id":139,"date":"2012-05-16T10:39:38","date_gmt":"2012-05-16T10:39:38","guid":{"rendered":"http:\/\/intergeo.webs.upv.es\/wordpress\/?page_id=139"},"modified":"2026-03-24T09:39:54","modified_gmt":"2026-03-24T08:39:54","slug":"mentor","status":"publish","type":"page","link":"https:\/\/intergeo.webs.upv.es\/wordpress\/index.php\/outgoing-students\/mentor\/","title":{"rendered":"Mentor"},"content":{"rendered":"<p><strong>\u00bf Qu\u00e9 es Mentor?<\/strong><\/p>\n<p>Mentor es un programa de apoyo a los estudiantes de intercambio recibidos en la UPV, mediante el cual estudiantes espa\u00f1oles de la UPV les prestan soporte y ayudan en su incorporaci\u00f3n a la UPV.<\/p>\n<p>A traves de mentor se pone en contacto a un alumno extranjero con un estudiante de la UPV, con unos estudios similares a los que va a realizar en la UPV, antes de su incorporaci\u00f3n con el proposito de que le ayude, principalmente en los primeros d\u00edas.<br \/>\nEl alumno Mentor de la UPV le puede ayudar en tareas como: documentos de matricula, busqueda de alojamiento, practica de conversaci\u00f3n en espa\u00f1ol, recogerloe en el aeropuerto, moverse en Valencia\/Gandia\/Alcoy,..y muchos m\u00e1s consejos utiles para la vida diaria.<\/p>\n<p><strong>\u00bf Como participar ?<\/strong><\/p>\n<p>Para participar en Mentor debes de entrar en la Intranet y a trav\u00e9s de AIRE acceder a PROGRAMA MENTOR (nuevo).<\/p>\n<p>Para m\u00e1s informaci\u00f3n <a href=\"https:\/\/www.upv.es\/entidades\/sint\/programa-mentor\/\">accede a la p\u00e1gina del SINT.<\/a><\/p>\n<p><strong>\u00bf C\u00f3mo se asignan los alumnos ?<\/strong><\/p>\n<p>Los alumnos extranjeros son asignados por tu centro, en funci\u00f3n de la titulaci\u00f3n que estes estudiando, y los datos que hayas completado en el formulario de inscripci\u00f3n (disponibilidad, horarios, conocimientos de idiomas,&#8230;)<\/p>\n<p><strong>\u00bf Hay alguna compensaci\u00f3n ?<\/strong><\/p>\n<p>Los alumnos extranjeros que ha sido tutorizados por un alumno Mentor de la UPV deben de cumplimentar un formulario de evaluaci\u00f3n del Mentor que han tenido. Este formulario esta disponible en la p\u00e1gina web de la OPII, en su secci\u00f3n privada, un mes despu\u00e9s de su incorporaci\u00f3n en la UPV.<\/p>\n<p>Seg\u00fan los resultados de este formulario, el alumno Mentor UPV recibira una compensaci\u00f3n en mayor o menor grado. Esta compensaci\u00f3n la establece tu Escuela o Facultad y varia entre ellas. Normalmente suele ser una o varias de las siguientes:<\/p>\n<ol>\n<li>Cr\u00e9ditos por actividades<\/li>\n<li>Puntos extra en la selecci\u00f3n Erasmus<\/li>\n<li>Puntos extra en la selecci\u00f3n Promoe<\/li>\n<\/ol>\n","protected":false},"excerpt":{"rendered":"<p>\u00bf Qu\u00e9 es Mentor? Mentor es un programa de apoyo a los estudiantes de intercambio recibidos en la UPV, mediante el cual estudiantes espa\u00f1oles de la UPV les prestan soporte y ayudan en su incorporaci\u00f3n a la UPV. A traves de mentor se pone en contacto a un alumno extranjero con un estudiante de la [&hellip;]<\/p>\n","protected":false},"author":3,"featured_media":0,"parent":100,"menu_order":3,"comment_status":"closed","ping_status":"closed","template":"","meta":{"footnotes":""},"class_list":["post-139","page","type-page","status-publish","hentry"],"_links":{"self":[{"href":"https:\/\/intergeo.webs.upv.es\/wordpress\/index.php\/wp-json\/wp\/v2\/pages\/139","targetHints":{"allow":["GET"]}}],"collection":[{"href":"https:\/\/intergeo.webs.upv.es\/wordpress\/index.php\/wp-json\/wp\/v2\/pages"}],"about":[{"href":"https:\/\/intergeo.webs.upv.es\/wordpress\/index.php\/wp-json\/wp\/v2\/types\/page"}],"author":[{"embeddable":true,"href":"https:\/\/intergeo.webs.upv.es\/wordpress\/index.php\/wp-json\/wp\/v2\/users\/3"}],"replies":[{"embeddable":true,"href":"https:\/\/intergeo.webs.upv.es\/wordpress\/index.php\/wp-json\/wp\/v2\/comments?post=139"}],"version-history":[{"count":10,"href":"https:\/\/intergeo.webs.upv.es\/wordpress\/index.php\/wp-json\/wp\/v2\/pages\/139\/revisions"}],"predecessor-version":[{"id":3100,"href":"https:\/\/intergeo.webs.upv.es\/wordpress\/index.php\/wp-json\/wp\/v2\/pages\/139\/revisions\/3100"}],"up":[{"embeddable":true,"href":"https:\/\/intergeo.webs.upv.es\/wordpress\/index.php\/wp-json\/wp\/v2\/pages\/100"}],"wp:attachment":[{"href":"https:\/\/intergeo.webs.upv.es\/wordpress\/index.php\/wp-json\/wp\/v2\/media?parent=139"}],"curies":[{"name":"wp","href":"https:\/\/api.w.org\/{rel}","templated":true}]}}