{"id":102,"date":"2012-05-16T09:17:24","date_gmt":"2012-05-16T09:17:24","guid":{"rendered":"http:\/\/intergeo.webs.upv.es\/wordpress\/?page_id=102"},"modified":"2021-11-10T10:24:58","modified_gmt":"2021-11-10T09:24:58","slug":"incoming-students","status":"publish","type":"page","link":"https:\/\/intergeo.webs.upv.es\/wordpress\/index.php\/incoming-students\/","title":{"rendered":"Incoming students"},"content":{"rendered":"<p>Receiving between\u00a040 and 50 exchange students each year, the ETSIGCT is one of the most important destinations for Erasmus students in Europe in the fields of Geodesy and Geomatics.<\/p>\n<p>At the ETSIGCT we offer two different degrees: a\u00a0<a href=\"https:\/\/www.upv.es\/entidades\/ETSIGCT\/infoweb\/euittop\/info\/845207normalc.html\">Bachelor\u2019s Degree in Geomatic and Surveying Engineering<\/a>\u00a0which consists of 240 ECTS that students take along 8 semesters, and a\u00a0<a href=\"https:\/\/www.upv.es\/entidades\/ETSIGCT\/infoweb\/euittop\/info\/880897normali.html\">Master\u2019s Degree in Geomatic and Geographic Information Engineering<\/a> that has 120 ECTS along 4 semesters. The incoming students that wish to apply for a exchange at ETSIGCT can enrol in subjects of both degrees without any problem.<\/p>\n<p>Also, students can apply for enrolment in subjects taught at other faculties at UPV (minimum of 80% of your ECTS must be selected from our School), always following those faculties regulations.<\/p>\n<p>If you wish to study at <em>Escuela T\u00e9cnica Superior de Ingenier\u00eda Geod\u00e9sica, Cartogr\u00e1fica y Topogr\u00e1fica<\/em> (ETSIGCT) in UPV:<\/p>\n<ol>\n<li>Contact with the coordinator in your University to be nominated.<\/li>\n<li>Once nominated, you will receive revelant information via email and how to apply.<\/li>\n<li>Then you must make your on-line application at <a href=\"http:\/\/www.upv.es\/entidades\/OPII\/infoweb\/pi\/info\/818829normali.html\">opii.upv.es<\/a><\/li>\n<\/ol>\n<p><span style=\"text-decoration: underline;\">For further information, check the drop-down men\u00fa of the \u00abIncoming students\u00bb tab.<\/span><\/p>\n\n\n<p><\/p>\n","protected":false},"excerpt":{"rendered":"<p>Receiving between\u00a040 and 50 exchange students each year, the ETSIGCT is one of the most important destinations for Erasmus students in Europe in the fields of Geodesy and Geomatics. At the ETSIGCT we offer two different degrees: a\u00a0Bachelor\u2019s Degree in Geomatic and Surveying Engineering\u00a0which consists of 240 ECTS that students take along 8 semesters, and [&hellip;]<\/p>\n","protected":false},"author":3,"featured_media":0,"parent":0,"menu_order":2,"comment_status":"closed","ping_status":"closed","template":"","meta":{"footnotes":""},"class_list":["post-102","page","type-page","status-publish","hentry"],"_links":{"self":[{"href":"https:\/\/intergeo.webs.upv.es\/wordpress\/index.php\/wp-json\/wp\/v2\/pages\/102","targetHints":{"allow":["GET"]}}],"collection":[{"href":"https:\/\/intergeo.webs.upv.es\/wordpress\/index.php\/wp-json\/wp\/v2\/pages"}],"about":[{"href":"https:\/\/intergeo.webs.upv.es\/wordpress\/index.php\/wp-json\/wp\/v2\/types\/page"}],"author":[{"embeddable":true,"href":"https:\/\/intergeo.webs.upv.es\/wordpress\/index.php\/wp-json\/wp\/v2\/users\/3"}],"replies":[{"embeddable":true,"href":"https:\/\/intergeo.webs.upv.es\/wordpress\/index.php\/wp-json\/wp\/v2\/comments?post=102"}],"version-history":[{"count":12,"href":"https:\/\/intergeo.webs.upv.es\/wordpress\/index.php\/wp-json\/wp\/v2\/pages\/102\/revisions"}],"predecessor-version":[{"id":2443,"href":"https:\/\/intergeo.webs.upv.es\/wordpress\/index.php\/wp-json\/wp\/v2\/pages\/102\/revisions\/2443"}],"wp:attachment":[{"href":"https:\/\/intergeo.webs.upv.es\/wordpress\/index.php\/wp-json\/wp\/v2\/media?parent=102"}],"curies":[{"name":"wp","href":"https:\/\/api.w.org\/{rel}","templated":true}]}}