{"id":100,"date":"2012-05-16T09:17:11","date_gmt":"2012-05-16T09:17:11","guid":{"rendered":"http:\/\/intergeo.webs.upv.es\/wordpress\/?page_id=100"},"modified":"2026-03-24T09:19:59","modified_gmt":"2026-03-24T08:19:59","slug":"outgoing-students","status":"publish","type":"page","link":"https:\/\/intergeo.webs.upv.es\/wordpress\/index.php\/outgoing-students\/","title":{"rendered":"Outgoing students"},"content":{"rendered":"\n<p>Si sabes que quieres irte de intercambio a otra universidad y quieres conocer las opciones que tienes, est\u00e1s en el sitio adecuado.<\/p>\n\n\n\n<p>En el desplegable de este apartado podr\u00e1s ver toda la informaci\u00f3n referente a los programas de intercambio disponibles (Erasmus+, Promoe y Sicue), las universidades de destino, y el programa mentor.<\/p>\n\n\n\n<p>Adem\u00e1s, aqu\u00ed ten\u00e9is <a href=\"https:\/\/www.upv.es\/entidades\/sint\/programas-movilidad\/\">la p\u00e1gina web del SINT (Servicio de Internalizaci\u00f3n)<\/a>, donde puedes encontrar detalladamente estas opciones.<\/p>\n\n\n\n<p><\/p>\n\n\n\n<p><\/p>\n","protected":false},"excerpt":{"rendered":"<p>Si sabes que quieres irte de intercambio a otra universidad y quieres conocer las opciones que tienes, est\u00e1s en el sitio adecuado. En el desplegable de este apartado podr\u00e1s ver toda la informaci\u00f3n referente a los programas de intercambio disponibles (Erasmus+, Promoe y Sicue), las universidades de destino, y el programa mentor. Adem\u00e1s, aqu\u00ed ten\u00e9is [&hellip;]<\/p>\n","protected":false},"author":3,"featured_media":0,"parent":0,"menu_order":1,"comment_status":"closed","ping_status":"closed","template":"","meta":{"footnotes":""},"class_list":["post-100","page","type-page","status-publish","hentry"],"_links":{"self":[{"href":"https:\/\/intergeo.webs.upv.es\/wordpress\/index.php\/wp-json\/wp\/v2\/pages\/100","targetHints":{"allow":["GET"]}}],"collection":[{"href":"https:\/\/intergeo.webs.upv.es\/wordpress\/index.php\/wp-json\/wp\/v2\/pages"}],"about":[{"href":"https:\/\/intergeo.webs.upv.es\/wordpress\/index.php\/wp-json\/wp\/v2\/types\/page"}],"author":[{"embeddable":true,"href":"https:\/\/intergeo.webs.upv.es\/wordpress\/index.php\/wp-json\/wp\/v2\/users\/3"}],"replies":[{"embeddable":true,"href":"https:\/\/intergeo.webs.upv.es\/wordpress\/index.php\/wp-json\/wp\/v2\/comments?post=100"}],"version-history":[{"count":12,"href":"https:\/\/intergeo.webs.upv.es\/wordpress\/index.php\/wp-json\/wp\/v2\/pages\/100\/revisions"}],"predecessor-version":[{"id":3096,"href":"https:\/\/intergeo.webs.upv.es\/wordpress\/index.php\/wp-json\/wp\/v2\/pages\/100\/revisions\/3096"}],"wp:attachment":[{"href":"https:\/\/intergeo.webs.upv.es\/wordpress\/index.php\/wp-json\/wp\/v2\/media?parent=100"}],"curies":[{"name":"wp","href":"https:\/\/api.w.org\/{rel}","templated":true}]}}